{"id":683,"date":"2018-07-25T15:06:14","date_gmt":"2018-07-25T18:06:14","guid":{"rendered":"https:\/\/isftim-crr.infd.edu.ar\/sitio\/?page_id=683"},"modified":"2023-04-27T07:47:31","modified_gmt":"2023-04-27T10:47:31","slug":"institucional","status":"publish","type":"page","link":"https:\/\/isftim-crr.infd.edu.ar\/sitio\/institucional\/","title":{"rendered":"ISFT \u00abIslas Malvinas\u00bb UOCRA"},"content":{"rendered":"\n<p class=\"has-text-align-left\">El instituto  fue creado por Decreto N\u00ba 1328 del 19 de septiembre de 2001 y por Resoluci\u00f3n Ministerial N\u00b0 1000\/01 pasa a denominarse <strong><em>Instituto Superior de Formaci\u00f3n T\u00e9cnica UOCRA &#8211; \u201cIslas Malvinas\u201d<\/em><\/strong>.<\/p>\n\n\n\n<p>En el <strong>Sistema Educativo Argentino<\/strong> la <strong>Educaci\u00f3n T\u00e9cnico Profesional <\/strong>constituye una modalidad. La misma se encuadra en:<\/p>\n\n\n\n<p>El <strong>Nivel Superior<\/strong> espec\u00edficamente en la  <strong>Ley de Educaci\u00f3n Superior<\/strong> (LES N\u00ba 24521\/95). <\/p>\n\n\n\n<ul>\n<li><strong>Ley de Educaci\u00f3n Nacional N\u00b026.026\/06<\/strong>.<\/li>\n\n\n\n<li><strong>Ley de Educaci\u00f3n Provincial<\/strong> <strong>N\u00b0 6475\/18.<\/strong><\/li>\n\n\n\n<li><strong>Ley de Educaci\u00f3n T\u00e9cnico Profesional<\/strong>  <strong>N\u00b0 26.058\/05.<\/strong> <\/li>\n<\/ul>\n\n\n\n<p>Es importante se\u00f1alar que, la <strong>Educaci\u00f3n T\u00e9cnico Profesional<\/strong> en nuestro pa\u00eds, es regulada por el <strong>Instituto Nacional de Educaci\u00f3n Tecnol\u00f3gica<\/strong> (INET), dependiente del <em>Ministerio de Educaci\u00f3n, Cultura, Ciencia y Tecnolog\u00eda<\/em> de la Naci\u00f3n.<br>La Educaci\u00f3n T\u00e9cnico Profesional promueve en los estudiantes el desarrollo de capacidades, conocimientos, habilidades, destrezas, valores y actitudes relacionadas con desempe\u00f1os y criterios de profesionalidad propios del contexto socio&nbsp;productivo.<\/p>\n\n\n\n<p><\/p>\n","protected":false},"excerpt":{"rendered":"<p>El instituto fue creado por Decreto N\u00ba 1328 del 19 de septiembre de 2001 y por Resoluci\u00f3n Ministerial N\u00b0 1000\/01 pasa a denominarse Instituto Superior de Formaci\u00f3n T\u00e9cnica UOCRA &#8211; \u201cIslas Malvinas\u201d. En el Sistema Educativo Argentino la Educaci\u00f3n T\u00e9cnico Profesional constituye una modalidad. La misma se encuadra en: El Nivel Superior espec\u00edficamente en la &#8230; <a title=\"ISFT \u00abIslas Malvinas\u00bb UOCRA\" class=\"read-more\" href=\"https:\/\/isftim-crr.infd.edu.ar\/sitio\/institucional\/\" aria-label=\"More on ISFT \u00abIslas Malvinas\u00bb UOCRA\">[+]<\/a><\/p>\n","protected":false},"author":6,"featured_media":0,"parent":0,"menu_order":0,"comment_status":"closed","ping_status":"closed","template":"","meta":[],"acf":[],"_links":{"self":[{"href":"https:\/\/isftim-crr.infd.edu.ar\/sitio\/wp-json\/wp\/v2\/pages\/683"}],"collection":[{"href":"https:\/\/isftim-crr.infd.edu.ar\/sitio\/wp-json\/wp\/v2\/pages"}],"about":[{"href":"https:\/\/isftim-crr.infd.edu.ar\/sitio\/wp-json\/wp\/v2\/types\/page"}],"author":[{"embeddable":true,"href":"https:\/\/isftim-crr.infd.edu.ar\/sitio\/wp-json\/wp\/v2\/users\/6"}],"replies":[{"embeddable":true,"href":"https:\/\/isftim-crr.infd.edu.ar\/sitio\/wp-json\/wp\/v2\/comments?post=683"}],"version-history":[{"count":7,"href":"https:\/\/isftim-crr.infd.edu.ar\/sitio\/wp-json\/wp\/v2\/pages\/683\/revisions"}],"predecessor-version":[{"id":833,"href":"https:\/\/isftim-crr.infd.edu.ar\/sitio\/wp-json\/wp\/v2\/pages\/683\/revisions\/833"}],"wp:attachment":[{"href":"https:\/\/isftim-crr.infd.edu.ar\/sitio\/wp-json\/wp\/v2\/media?parent=683"}],"curies":[{"name":"wp","href":"https:\/\/api.w.org\/{rel}","templated":true}]}}