{"id":685,"date":"2018-07-25T15:06:42","date_gmt":"2018-07-25T18:06:42","guid":{"rendered":"https:\/\/isftim-crr.infd.edu.ar\/sitio\/?page_id=685"},"modified":"2023-04-27T09:02:16","modified_gmt":"2023-04-27T12:02:16","slug":"autoridades","status":"publish","type":"page","link":"https:\/\/isftim-crr.infd.edu.ar\/sitio\/institucional\/autoridades\/","title":{"rendered":"Autoridades"},"content":{"rendered":"<h4><\/h4>\n<h4 style=\"text-align: left;\">RECTORA<\/h4>\n<p style=\"text-align: left;\">Profesora Sandra Beatr\u00edz Machado &#8211; 1801650-00@mec.gob.ar<\/p>\n<h4>SECRETARIA ACAD\u00c9MICA<\/h4>\n<p>Profesora Carmen Ofelia Almir\u00f3n &#8211; carmencitalmiron@gmail.com<\/p>\n<h4>SECRETARIA ADMINISTRATIVA<\/h4>\n<p>Profesora Stella Maris Zabala &#8211; secretariaislasmalvinas@gmail.com<\/p>\n<h4>COORDINADORA DEL <strong>DEPARTAMENTO<\/strong> DE INVESTIGACI\u00d3N Y PROMOCI\u00d3N<\/h4>\n<p>Profesora Silvia In\u00e9s Moiraghi &#8211; \u00a0silmoira@hotmail.com<\/p>\n<h4>COORDINADOR DE PR\u00c1CTICA PROFESIONALIZANTE<\/h4>\n<p>Profesor Antonio Alcides Alvarez &#8211; bucealvarez@gmail.com<\/p>\n<h4>COORDINADORA DE APOYO T\u00c9CNICO Y PEDAG\u00d3GICO<\/h4>\n<p>Prof. Gabriela Beatriz Go\u00f1alons &#8211; gabygonialons@gmail.com<\/p>\n<h4>COORDINADORA DE POL\u00cdTICAS ESTUDIANTILES<\/h4>\n<p>Sra. Janina Thomas Gonzalez &#8211; janinathomasgonzalez@gmail.com<\/p>\n<h4>COORDINADOR DE CARRERA: HIGIENE Y SEGURIDAD EN EL TRABAJO<\/h4>\n<p>Profesor Marcelo Germ\u00e1n Bord\u00f3n &#8211; bormage@hotmail.com<\/p>\n<h4>COORDINADOR DE CARRERA: LOG\u00cdSTICA<\/h4>\n<p>Profesor Jorge Daniel P\u00e9rez &#8211; perez107@jotmail.com<\/p>\n<hr \/>\n<h4>EXTENSI\u00d3N \u00c1ULICA UNIDAD PENAL N\u00b0 1<\/h4>\n<h5>COORDINADOR DE CARRERA: INFRAESTRUCTURA INFORM\u00c1TICA<\/h5>\n<p>Profesor Alejando Gustavo Coronel &#8211; alejandro.coronel@gmail.com<\/p>\n<hr \/>\n<h4>SUB-SEDE PASO DE LA PATRIA<\/h4>\n<h5>COORDINADOR DE LA SUB-SEDE<\/h5>\n<p>Profesor Alvaro Eduardo Flores &#8211; 1801650-02@mec.gob.ar<\/p>\n<hr \/>\n<h4>SUB-SEDE IT\u00c1 IBAT\u00c9<\/h4>\n<h5>COORDINADOR DE LA SUB-SEDE<\/h5>\n<p>Profesor Javier Alejandro Zamurio &#8211; 1801650-04@mec.gob.ar<\/p>\n<hr \/>\n<h4>SUB-SEDE EL SOMBRERO<\/h4>\n<h5>COORDINADOR DE LA SUB-SEDE<\/h5>\n<p>Profesor Walter L\u00f3pez &#8211; 1801650-03@mec.gob.ar<\/p>\n<hr \/>\n","protected":false},"excerpt":{"rendered":"<p>RECTORA Profesora Sandra Beatr\u00edz Machado &#8211; 1801650-00@mec.gob.ar SECRETARIA ACAD\u00c9MICA Profesora Carmen Ofelia Almir\u00f3n &#8211; carmencitalmiron@gmail.com SECRETARIA ADMINISTRATIVA Profesora Stella Maris Zabala &#8211; secretariaislasmalvinas@gmail.com COORDINADORA DEL DEPARTAMENTO DE INVESTIGACI\u00d3N Y PROMOCI\u00d3N Profesora Silvia In\u00e9s Moiraghi &#8211; \u00a0silmoira@hotmail.com COORDINADOR DE PR\u00c1CTICA PROFESIONALIZANTE Profesor Antonio Alcides Alvarez &#8211; bucealvarez@gmail.com COORDINADORA DE APOYO T\u00c9CNICO Y PEDAG\u00d3GICO Prof. Gabriela Beatriz &#8230; <a title=\"Autoridades\" class=\"read-more\" href=\"https:\/\/isftim-crr.infd.edu.ar\/sitio\/institucional\/autoridades\/\" aria-label=\"More on Autoridades\">[+]<\/a><\/p>\n","protected":false},"author":6,"featured_media":0,"parent":683,"menu_order":0,"comment_status":"closed","ping_status":"closed","template":"","meta":[],"acf":[],"_links":{"self":[{"href":"https:\/\/isftim-crr.infd.edu.ar\/sitio\/wp-json\/wp\/v2\/pages\/685"}],"collection":[{"href":"https:\/\/isftim-crr.infd.edu.ar\/sitio\/wp-json\/wp\/v2\/pages"}],"about":[{"href":"https:\/\/isftim-crr.infd.edu.ar\/sitio\/wp-json\/wp\/v2\/types\/page"}],"author":[{"embeddable":true,"href":"https:\/\/isftim-crr.infd.edu.ar\/sitio\/wp-json\/wp\/v2\/users\/6"}],"replies":[{"embeddable":true,"href":"https:\/\/isftim-crr.infd.edu.ar\/sitio\/wp-json\/wp\/v2\/comments?post=685"}],"version-history":[{"count":14,"href":"https:\/\/isftim-crr.infd.edu.ar\/sitio\/wp-json\/wp\/v2\/pages\/685\/revisions"}],"predecessor-version":[{"id":842,"href":"https:\/\/isftim-crr.infd.edu.ar\/sitio\/wp-json\/wp\/v2\/pages\/685\/revisions\/842"}],"up":[{"embeddable":true,"href":"https:\/\/isftim-crr.infd.edu.ar\/sitio\/wp-json\/wp\/v2\/pages\/683"}],"wp:attachment":[{"href":"https:\/\/isftim-crr.infd.edu.ar\/sitio\/wp-json\/wp\/v2\/media?parent=685"}],"curies":[{"name":"wp","href":"https:\/\/api.w.org\/{rel}","templated":true}]}}