{"id":727,"date":"2018-07-26T10:37:33","date_gmt":"2018-07-26T13:37:33","guid":{"rendered":"https:\/\/isftim-crr.infd.edu.ar\/sitio\/?page_id=727"},"modified":"2023-05-05T20:34:35","modified_gmt":"2023-05-05T23:34:35","slug":"fechas-importantes","status":"publish","type":"page","link":"https:\/\/isftim-crr.infd.edu.ar\/sitio\/estudiantes\/fechas-importantes\/","title":{"rendered":"Fechas importantes"},"content":{"rendered":"<p><a href=\"https:\/\/www.mec.gob.ar\/descargas\/Documentos\/Calendario\/CalendarioEscolar2023-RES.%205938-2022.pdf\" target=\"_blank\" rel=\"noopener\">Calendario Acad\u00e9mico 2023<\/a><\/p>\n<p><strong>Mesas de ex\u00e1menes<\/strong><\/p>\n<p><strong>TURNO DE<\/strong> <strong>EXAMEN &#8211; MAYO 2023 &#8211;<\/strong><\/p>\n<ul>\n<li>Inscripci\u00f3n en <strong>SIMA<\/strong> los d\u00edas 8, 9 y 10 de Mayo para alumnos de Segundo y Tercer a\u00f1o de las carreras que se dictan en <strong>Sede Central<\/strong> <em>Higiene y Seguridad en el trabajo<\/em> y <em>Log\u00edstica<\/em>.-<\/li>\n<\/ul>\n","protected":false},"excerpt":{"rendered":"<p>Calendario Acad\u00e9mico 2023 Mesas de ex\u00e1menes TURNO DE EXAMEN &#8211; MAYO 2023 &#8211; Inscripci\u00f3n en SIMA los d\u00edas 8, 9 y 10 de Mayo para alumnos de Segundo y Tercer a\u00f1o de las carreras que se dictan en Sede Central Higiene y Seguridad en el trabajo y Log\u00edstica.-<\/p>\n","protected":false},"author":6,"featured_media":0,"parent":692,"menu_order":0,"comment_status":"closed","ping_status":"closed","template":"","meta":[],"acf":[],"_links":{"self":[{"href":"https:\/\/isftim-crr.infd.edu.ar\/sitio\/wp-json\/wp\/v2\/pages\/727"}],"collection":[{"href":"https:\/\/isftim-crr.infd.edu.ar\/sitio\/wp-json\/wp\/v2\/pages"}],"about":[{"href":"https:\/\/isftim-crr.infd.edu.ar\/sitio\/wp-json\/wp\/v2\/types\/page"}],"author":[{"embeddable":true,"href":"https:\/\/isftim-crr.infd.edu.ar\/sitio\/wp-json\/wp\/v2\/users\/6"}],"replies":[{"embeddable":true,"href":"https:\/\/isftim-crr.infd.edu.ar\/sitio\/wp-json\/wp\/v2\/comments?post=727"}],"version-history":[{"count":6,"href":"https:\/\/isftim-crr.infd.edu.ar\/sitio\/wp-json\/wp\/v2\/pages\/727\/revisions"}],"predecessor-version":[{"id":920,"href":"https:\/\/isftim-crr.infd.edu.ar\/sitio\/wp-json\/wp\/v2\/pages\/727\/revisions\/920"}],"up":[{"embeddable":true,"href":"https:\/\/isftim-crr.infd.edu.ar\/sitio\/wp-json\/wp\/v2\/pages\/692"}],"wp:attachment":[{"href":"https:\/\/isftim-crr.infd.edu.ar\/sitio\/wp-json\/wp\/v2\/media?parent=727"}],"curies":[{"name":"wp","href":"https:\/\/api.w.org\/{rel}","templated":true}]}}