{"id":838,"date":"2023-04-27T08:56:32","date_gmt":"2023-04-27T11:56:32","guid":{"rendered":"https:\/\/isftim-crr.infd.edu.ar\/sitio\/?page_id=838"},"modified":"2023-04-27T16:53:36","modified_gmt":"2023-04-27T19:53:36","slug":"sub-sede-paso-de-la-patria","status":"publish","type":"page","link":"https:\/\/isftim-crr.infd.edu.ar\/sitio\/sedes\/sub-sede-paso-de-la-patria\/","title":{"rendered":"Sub-Sede PASO DE LA PATRIA"},"content":{"rendered":"<p><iframe src=\"https:\/\/www.google.com\/maps\/embed?pb=!1m18!1m12!1m3!1d626.6163387197156!2d-58.57253950661381!3d-27.323286270912316!2m3!1f0!2f0!3f0!3m2!1i1024!2i768!4f13.1!3m3!1m2!1s0x9445395c4bbcaa9f%3A0x73cf0269936bf0ac!2sExtensi%C3%B3n%20%C3%81ulica%20En%20Paso%20De%20La%20Patria%20I.S.F.D.Jose%20M.Estrada!5e0!3m2!1ses!2sar!4v1682599000504!5m2!1ses!2sar\" width=\"400\" height=\"300\" style=\"border:0;\" allowfullscreen=\"\" loading=\"lazy\" referrerpolicy=\"no-referrer-when-downgrade\"><\/iframe><\/p>\n\n\n\n<div class=\"wp-block-group is-layout-constrained\"><div class=\"wp-block-group__inner-container\">\n<div class=\"wp-block-group is-vertical is-layout-flex wp-container-1\">\n<p><strong>Direcci\u00f3n<\/strong>: Avenida Prefectura esquina C\u00f3rdoba, Paso de la Patria, Corrientes.-<\/p>\n\n\n\n<p><strong>Horario de atenci\u00f3n<\/strong>: 19 a 23 horas.-<\/p>\n\n\n\n<p><strong>Coordinador de Sub-sede<\/strong>:  Profesor Flores Alvaro Eduardo.-<\/p>\n\n\n\n<p><strong>Correo electr\u00f3nico<\/strong>: 1801650-02@mec.gob.ar.-<\/p>\n\n\n\n<p><strong>Tel\u00e9fono de contacto<\/strong>: 379 &#8211; 4347218.-<\/p>\n<\/div>\n\n\n\n<p><\/p>\n<\/div><\/div>\n\n\n\n<h2 class=\"wp-block-heading\">CARRERAS<\/h2>\n\n\n\n<p><strong>Horario de Cursado<\/strong>: 18:30 hs a 23:30 hs<\/p>\n\n\n\n<ul>\n<li><strong>Tecnicatura Superior en Higiene y Seguridad en el Trabajo con Orientaci\u00f3n a la Industria de la Construcci\u00f3n<\/strong> &#8211; <em> RM N\u00b01538\/2011<\/em>\n<ul>\n<li><strong>Coordinador de la Carrera<\/strong>: vacante\n<ul>\n<li>Cursos Activos: Primer A\u00f1o.<\/li>\n<\/ul>\n<\/li>\n<\/ul>\n<\/li>\n\n\n\n<li><strong>Tecnicatura Superior en Desarrollo de Software<\/strong> &#8211; <em> RM N\u00b047\/2013<\/em>\n<ul>\n<li><strong>Coordinador de la Carrera<\/strong>: vacante.\n<ul>\n<li>Cursos Activos: Primer y Segundo A\u00f1o.<\/li>\n<\/ul>\n<\/li>\n<\/ul>\n<\/li>\n\n\n\n<li><strong>Tecnicatura Superior en Turismo<\/strong> &#8211;  <em>RM N\u00b01053\/2015<\/em>\n<ul>\n<li><strong>Coordinadora de la Carrera: <\/strong>Prof. Susana Luj\u00e1n Correa\n<ul>\n<li>Cursos Activos: Tercer A\u00f1o.<\/li>\n<\/ul>\n<\/li>\n<\/ul>\n<\/li>\n<\/ul>\n\n\n\n<p><\/p>\n","protected":false},"excerpt":{"rendered":"<p>Direcci\u00f3n: Avenida Prefectura esquina C\u00f3rdoba, Paso de la Patria, Corrientes.- Horario de atenci\u00f3n: 19 a 23 horas.- Coordinador de Sub-sede: Profesor Flores Alvaro Eduardo.- Correo electr\u00f3nico: 1801650-02@mec.gob.ar.- Tel\u00e9fono de contacto: 379 &#8211; 4347218.- CARRERAS Horario de Cursado: 18:30 hs a 23:30 hs<\/p>\n","protected":false},"author":11,"featured_media":0,"parent":794,"menu_order":1,"comment_status":"closed","ping_status":"closed","template":"","meta":[],"acf":[],"_links":{"self":[{"href":"https:\/\/isftim-crr.infd.edu.ar\/sitio\/wp-json\/wp\/v2\/pages\/838"}],"collection":[{"href":"https:\/\/isftim-crr.infd.edu.ar\/sitio\/wp-json\/wp\/v2\/pages"}],"about":[{"href":"https:\/\/isftim-crr.infd.edu.ar\/sitio\/wp-json\/wp\/v2\/types\/page"}],"author":[{"embeddable":true,"href":"https:\/\/isftim-crr.infd.edu.ar\/sitio\/wp-json\/wp\/v2\/users\/11"}],"replies":[{"embeddable":true,"href":"https:\/\/isftim-crr.infd.edu.ar\/sitio\/wp-json\/wp\/v2\/comments?post=838"}],"version-history":[{"count":7,"href":"https:\/\/isftim-crr.infd.edu.ar\/sitio\/wp-json\/wp\/v2\/pages\/838\/revisions"}],"predecessor-version":[{"id":859,"href":"https:\/\/isftim-crr.infd.edu.ar\/sitio\/wp-json\/wp\/v2\/pages\/838\/revisions\/859"}],"up":[{"embeddable":true,"href":"https:\/\/isftim-crr.infd.edu.ar\/sitio\/wp-json\/wp\/v2\/pages\/794"}],"wp:attachment":[{"href":"https:\/\/isftim-crr.infd.edu.ar\/sitio\/wp-json\/wp\/v2\/media?parent=838"}],"curies":[{"name":"wp","href":"https:\/\/api.w.org\/{rel}","templated":true}]}}