{"id":840,"date":"2023-04-27T08:59:53","date_gmt":"2023-04-27T11:59:53","guid":{"rendered":"https:\/\/isftim-crr.infd.edu.ar\/sitio\/?page_id=840"},"modified":"2023-04-27T17:22:22","modified_gmt":"2023-04-27T20:22:22","slug":"sub-sede-ita-ibate","status":"publish","type":"page","link":"https:\/\/isftim-crr.infd.edu.ar\/sitio\/sedes\/sub-sede-ita-ibate\/","title":{"rendered":"Sub-Sede IT\u00c1 IBATE"},"content":{"rendered":"<p><iframe src=\"https:\/\/www.google.com\/maps\/embed?pb=!1m18!1m12!1m3!1d1770.6400012405395!2d-57.34061066516631!3d-27.429383193014417!2m3!1f0!2f0!3f0!3m2!1i1024!2i768!4f13.1!3m3!1m2!1s0x94509ffe45b49b97%3A0xb5637d2ee37ddda8!2sEscuela%20Primaria%20N%C2%BA%20328%20Jose%20Maria%20Duran!5e0!3m2!1ses!2sar!4v1682625658223!5m2!1ses!2sar\" width=\"400\" height=\"300\" style=\"border:0;\" allowfullscreen=\"\" loading=\"lazy\" referrerpolicy=\"no-referrer-when-downgrade\"><\/iframe><\/p>\n\n\n\n<div class=\"wp-block-group is-layout-constrained\"><div class=\"wp-block-group__inner-container\">\n<div class=\"wp-block-group is-vertical is-layout-flex wp-container-1\">\n<p><strong>Direcci\u00f3n:<\/strong> Madariaga esquina Urquiza, It\u00e1 Ibat\u00e9, Corrientes.-<\/p>\n\n\n\n<p><strong>Horario de atenci\u00f3n:<\/strong> 18.30 a 22.30 horas.-<\/p>\n\n\n\n<p><strong>Coordinador de la Sub-sede:<\/strong> Prof. Javier Alejandro Zamurio.-<\/p>\n\n\n\n<p><strong>Correo electr\u00f3nico: <\/strong>1801650-04@mec.gob.ar.-<\/p>\n\n\n\n<p><strong>Tel\u00e9fono de contacto:<\/strong> 3756-610691.-<\/p>\n<\/div>\n<\/div><\/div>\n\n\n\n<h2 class=\"wp-block-heading\">CARRERAS<\/h2>\n\n\n\n<p><strong>Horario de Cursado<\/strong>: 18:00 hs a 23:00 hs<\/p>\n\n\n\n<ul>\n<li><strong>Tecnicatura Superior en Desarrollo de Software<\/strong>&nbsp;\u2013&nbsp;<em>RM N\u00b0 47\/201<\/em>3\n<ul>\n<li><strong>Coordinador de la Carrera<\/strong>: vacante\n<ul>\n<li>Cursos Activos: Primer  y Tercer A\u00f1o.<\/li>\n<\/ul>\n<\/li>\n<\/ul>\n<\/li>\n\n\n\n<li><strong>Tecnicatura Superior en Infraestructura Inform\u00e1tica&nbsp;<\/strong>\u2013&nbsp;<em>RM N\u00b044\/2013<\/em>\n<ul>\n<li><strong>Coordinador de la Carrera<\/strong>: vacante.\n<ul>\n<li>Cursos Activos: Primer y Segundo A\u00f1o.<\/li>\n<\/ul>\n<\/li>\n<\/ul>\n<\/li>\n\n\n\n<li><strong>Tecnicatura Superior en Turismo<\/strong>&nbsp;\u2013&nbsp;<em>RM N\u00b01053\/2015<\/em>\n<ul>\n<li><strong>Coordinadora de la Carrera:\u00a0<\/strong>vacante.\n<ul>\n<li>Cursos Activos: Primero, Segundo y Tercer A\u00f1o.<\/li>\n<\/ul>\n<\/li>\n<\/ul>\n<\/li>\n<\/ul>\n","protected":false},"excerpt":{"rendered":"<p>Direcci\u00f3n: Madariaga esquina Urquiza, It\u00e1 Ibat\u00e9, Corrientes.- Horario de atenci\u00f3n: 18.30 a 22.30 horas.- Coordinador de la Sub-sede: Prof. Javier Alejandro Zamurio.- Correo electr\u00f3nico: 1801650-04@mec.gob.ar.- Tel\u00e9fono de contacto: 3756-610691.- CARRERAS Horario de Cursado: 18:00 hs a 23:00 hs<\/p>\n","protected":false},"author":11,"featured_media":0,"parent":794,"menu_order":2,"comment_status":"closed","ping_status":"closed","template":"","meta":[],"acf":[],"_links":{"self":[{"href":"https:\/\/isftim-crr.infd.edu.ar\/sitio\/wp-json\/wp\/v2\/pages\/840"}],"collection":[{"href":"https:\/\/isftim-crr.infd.edu.ar\/sitio\/wp-json\/wp\/v2\/pages"}],"about":[{"href":"https:\/\/isftim-crr.infd.edu.ar\/sitio\/wp-json\/wp\/v2\/types\/page"}],"author":[{"embeddable":true,"href":"https:\/\/isftim-crr.infd.edu.ar\/sitio\/wp-json\/wp\/v2\/users\/11"}],"replies":[{"embeddable":true,"href":"https:\/\/isftim-crr.infd.edu.ar\/sitio\/wp-json\/wp\/v2\/comments?post=840"}],"version-history":[{"count":3,"href":"https:\/\/isftim-crr.infd.edu.ar\/sitio\/wp-json\/wp\/v2\/pages\/840\/revisions"}],"predecessor-version":[{"id":862,"href":"https:\/\/isftim-crr.infd.edu.ar\/sitio\/wp-json\/wp\/v2\/pages\/840\/revisions\/862"}],"up":[{"embeddable":true,"href":"https:\/\/isftim-crr.infd.edu.ar\/sitio\/wp-json\/wp\/v2\/pages\/794"}],"wp:attachment":[{"href":"https:\/\/isftim-crr.infd.edu.ar\/sitio\/wp-json\/wp\/v2\/media?parent=840"}],"curies":[{"name":"wp","href":"https:\/\/api.w.org\/{rel}","templated":true}]}}