{"id":843,"date":"2023-04-27T09:02:55","date_gmt":"2023-04-27T12:02:55","guid":{"rendered":"https:\/\/isftim-crr.infd.edu.ar\/sitio\/?page_id=843"},"modified":"2023-04-27T21:30:44","modified_gmt":"2023-04-28T00:30:44","slug":"sub-sede-el-sombrero","status":"publish","type":"page","link":"https:\/\/isftim-crr.infd.edu.ar\/sitio\/sedes\/sub-sede-el-sombrero\/","title":{"rendered":"Sub-Sede EL SOMBRERO"},"content":{"rendered":"<p><iframe src=\"https:\/\/www.google.com\/maps\/embed?pb=!1m18!1m12!1m3!1d1766.256317386295!2d-58.764120877846125!3d-27.701454234707587!2m3!1f0!2f0!3f0!3m2!1i1024!2i768!4f13.1!3m3!1m2!1s0x9445615c17a62585%3A0xd8bd6e8667743266!2sExtensi%C3%B3n%20%C3%81ulica%20El%20SombreroInst.Sup.De%20Servicio%20SocialRemedios%20E.De%20San%20Martin!5e0!3m2!1ses!2sar!4v1682639582305!5m2!1ses!2sar\" width=\"400\" height=\"300\" style=\"border:0;\" allowfullscreen=\"\" loading=\"lazy\" referrerpolicy=\"no-referrer-when-downgrade\"><\/iframe><\/p>\n\n\n\n<div class=\"wp-block-group is-vertical is-layout-flex wp-container-1\">\n<p><strong>Direcci\u00f3n:<\/strong> Avenida de los Estudiantes 60, El Sombrero, Corrientes.-<\/p>\n\n\n\n<p><strong>Horario de atenci\u00f3n:<\/strong> de 16 a 20 horas.-<\/p>\n\n\n\n<p><strong>Coordinador de Sub-Sede:<\/strong> Profesor Walter L\u00f3pez.-<\/p>\n\n\n\n<p><strong>Correo electr\u00f3nico:<\/strong> 1801650-03@mec.gob.ar.-<\/p>\n<\/div>\n\n\n\n<h2 class=\"wp-block-heading\">CARRERAS<\/h2>\n\n\n\n<ul>\n<li><strong>Tecnicatura Superior en Mecatr\u00f3nica&nbsp;<\/strong>\u2013&nbsp;<em>RM N\u00b01538\/2011<\/em>\n<ul>\n<li><strong>Coordinador de la Carrera<\/strong>: vacante\n<ul>\n<li>Cursos Activos: Segundo y Tercer A\u00f1o.-<\/li>\n<\/ul>\n<\/li>\n<\/ul>\n<\/li>\n\n\n\n<li><strong>Tecnicatura Superior en Turismo<\/strong>&nbsp;\u2013&nbsp;<em>RM N\u00b01053\/2015<\/em>\n<ul>\n<li><strong>Coordinadora de la Carrera:&nbsp;<\/strong>vacante.\n<ul>\n<li>Cursos Activos: Primer A\u00f1o.<\/li>\n<\/ul>\n<\/li>\n<\/ul>\n<\/li>\n<\/ul>\n","protected":false},"excerpt":{"rendered":"<p>Direcci\u00f3n: Avenida de los Estudiantes 60, El Sombrero, Corrientes.- Horario de atenci\u00f3n: de 16 a 20 horas.- Coordinador de Sub-Sede: Profesor Walter L\u00f3pez.- Correo electr\u00f3nico: 1801650-03@mec.gob.ar.- CARRERAS<\/p>\n","protected":false},"author":11,"featured_media":0,"parent":794,"menu_order":3,"comment_status":"closed","ping_status":"closed","template":"","meta":[],"acf":[],"_links":{"self":[{"href":"https:\/\/isftim-crr.infd.edu.ar\/sitio\/wp-json\/wp\/v2\/pages\/843"}],"collection":[{"href":"https:\/\/isftim-crr.infd.edu.ar\/sitio\/wp-json\/wp\/v2\/pages"}],"about":[{"href":"https:\/\/isftim-crr.infd.edu.ar\/sitio\/wp-json\/wp\/v2\/types\/page"}],"author":[{"embeddable":true,"href":"https:\/\/isftim-crr.infd.edu.ar\/sitio\/wp-json\/wp\/v2\/users\/11"}],"replies":[{"embeddable":true,"href":"https:\/\/isftim-crr.infd.edu.ar\/sitio\/wp-json\/wp\/v2\/comments?post=843"}],"version-history":[{"count":3,"href":"https:\/\/isftim-crr.infd.edu.ar\/sitio\/wp-json\/wp\/v2\/pages\/843\/revisions"}],"predecessor-version":[{"id":866,"href":"https:\/\/isftim-crr.infd.edu.ar\/sitio\/wp-json\/wp\/v2\/pages\/843\/revisions\/866"}],"up":[{"embeddable":true,"href":"https:\/\/isftim-crr.infd.edu.ar\/sitio\/wp-json\/wp\/v2\/pages\/794"}],"wp:attachment":[{"href":"https:\/\/isftim-crr.infd.edu.ar\/sitio\/wp-json\/wp\/v2\/media?parent=843"}],"curies":[{"name":"wp","href":"https:\/\/api.w.org\/{rel}","templated":true}]}}