{"id":875,"date":"2023-04-27T22:40:17","date_gmt":"2023-04-28T01:40:17","guid":{"rendered":"https:\/\/isftim-crr.infd.edu.ar\/sitio\/?page_id=875"},"modified":"2023-04-28T09:58:01","modified_gmt":"2023-04-28T12:58:01","slug":"logistica","status":"publish","type":"page","link":"https:\/\/isftim-crr.infd.edu.ar\/sitio\/catalogo\/logistica\/","title":{"rendered":"LOG\u00cdSTICA"},"content":{"rendered":"\n<p>TECNICATURA SUPERIOR EN LOG\u00cdSTICA<\/p>\n\n\n\n<h4 class=\"wp-block-heading\">Plan de estudios<\/h4>\n\n\n\n<p><strong>PRIMER A\u00d1O<\/strong><\/p>\n\n\n\n<p><em><strong>PRIMER CUATRIMESTRE<\/strong><\/em><\/p>\n\n\n\n<ul>\n<li>INGL\u00c9S T\u00c9CNICO<\/li>\n\n\n\n<li>PRINCIPIOS DE ADMINISTRACI\u00d3N<\/li>\n\n\n\n<li>RELACI\u00d3N ESTADO \u2013 SOCIEDAD<\/li>\n<\/ul>\n\n\n\n<p><em><strong>SEGUNDO CUATRIMESTRE<\/strong><\/em><\/p>\n\n\n\n<ul>\n<li>CULTURA Y COMUNICACI\u00d3N CONTEMPOR\u00c1NEA<\/li>\n\n\n\n<li>ESTAD\u00cdSTICA<\/li>\n\n\n\n<li>F\u00cdSICA APLICADA<\/li>\n\n\n\n<li>PR\u00c1CTICA PROFESIONALIZANTE I<\/li>\n<\/ul>\n\n\n\n<p><em><strong>ANUAL<\/strong><\/em><\/p>\n\n\n\n<ul>\n<li>DISTRIBUCI\u00d3N I<\/li>\n\n\n\n<li>ECONOM\u00cdA<\/li>\n\n\n\n<li>INFORM\u00c1TICA APLICADA<\/li>\n<\/ul>\n\n\n\n<p><strong>SEGUNDO A\u00d1O<\/strong><\/p>\n\n\n\n<p><em><strong>PRIMER CUATRIMESTRE<\/strong><\/em><\/p>\n\n\n\n<ul>\n<li>IDENTIDAD Y DESIGUALDAD SOCIOCULTURAL<\/li>\n\n\n\n<li>LEGISLACI\u00d3N<\/li>\n\n\n\n<li>SOCIOLOG\u00cdA DE LAS ORGANIZACIONES<\/li>\n<\/ul>\n\n\n\n<p><em><strong>SEGUNDO CUATRIMESTRE<\/strong><\/em><\/p>\n\n\n\n<ul>\n<li>CALIDAD DE LA PRODUCCI\u00d3N Y EL SERVICIO<\/li>\n\n\n\n<li>METODOLOG\u00cdA DE LA INVESTIGACI\u00d3N DE LAS CIENCIAS SOCIALES<\/li>\n\n\n\n<li>PORTUGU\u00c9S T\u00c9CNICO<\/li>\n<\/ul>\n\n\n\n<p><em><strong>ANUAL<\/strong><\/em><\/p>\n\n\n\n<ul>\n<li>DISTRIBUCI\u00d3N II<\/li>\n\n\n\n<li>LOG\u00cdSTICA I<\/li>\n\n\n\n<li>PR\u00c1CTICA PROFESIONALIZANTE II<\/li>\n<\/ul>\n\n\n\n<p><strong>TERCER A\u00d1O<\/strong><\/p>\n\n\n\n<p><em><strong>PRIMER CUATRIMESTRE<\/strong><\/em><\/p>\n\n\n\n<ul>\n<li>ADMINISTRACI\u00d3N FINANCIERA<\/li>\n\n\n\n<li>MATEM\u00c1TICA<\/li>\n\n\n\n<li>SEGURIDAD E HIGIENE<\/li>\n<\/ul>\n\n\n\n<p><em><strong>SEGUNDO CUATRIMESTRE<\/strong><\/em><\/p>\n\n\n\n<ul>\n<li>DERECHO CIVIL Y COMERCIAL<\/li>\n\n\n\n<li>\u00c9TICA PROFESIONAL<\/li>\n\n\n\n<li>R\u00c9GIMEN TRIBUTARIO<\/li>\n<\/ul>\n\n\n\n<p><em><strong>ANUAL<\/strong><\/em><\/p>\n\n\n\n<ul>\n<li>LOG\u00cdSTICA II<\/li>\n\n\n\n<li>PR\u00c1CTICA PROFESIONALIZANTE III<\/li>\n\n\n\n<li>PROCESOS POL\u00cdTICOS ECON\u00d3MICOS Y EL MUNDO DEL TRABAJO ACTUAL<\/li>\n<\/ul>\n","protected":false},"excerpt":{"rendered":"<p>TECNICATURA SUPERIOR EN LOG\u00cdSTICA Plan de estudios PRIMER A\u00d1O PRIMER CUATRIMESTRE SEGUNDO CUATRIMESTRE ANUAL SEGUNDO A\u00d1O PRIMER CUATRIMESTRE SEGUNDO CUATRIMESTRE ANUAL TERCER A\u00d1O PRIMER CUATRIMESTRE SEGUNDO CUATRIMESTRE ANUAL<\/p>\n","protected":false},"author":11,"featured_media":0,"parent":644,"menu_order":1,"comment_status":"closed","ping_status":"closed","template":"","meta":[],"acf":[],"_links":{"self":[{"href":"https:\/\/isftim-crr.infd.edu.ar\/sitio\/wp-json\/wp\/v2\/pages\/875"}],"collection":[{"href":"https:\/\/isftim-crr.infd.edu.ar\/sitio\/wp-json\/wp\/v2\/pages"}],"about":[{"href":"https:\/\/isftim-crr.infd.edu.ar\/sitio\/wp-json\/wp\/v2\/types\/page"}],"author":[{"embeddable":true,"href":"https:\/\/isftim-crr.infd.edu.ar\/sitio\/wp-json\/wp\/v2\/users\/11"}],"replies":[{"embeddable":true,"href":"https:\/\/isftim-crr.infd.edu.ar\/sitio\/wp-json\/wp\/v2\/comments?post=875"}],"version-history":[{"count":2,"href":"https:\/\/isftim-crr.infd.edu.ar\/sitio\/wp-json\/wp\/v2\/pages\/875\/revisions"}],"predecessor-version":[{"id":894,"href":"https:\/\/isftim-crr.infd.edu.ar\/sitio\/wp-json\/wp\/v2\/pages\/875\/revisions\/894"}],"up":[{"embeddable":true,"href":"https:\/\/isftim-crr.infd.edu.ar\/sitio\/wp-json\/wp\/v2\/pages\/644"}],"wp:attachment":[{"href":"https:\/\/isftim-crr.infd.edu.ar\/sitio\/wp-json\/wp\/v2\/media?parent=875"}],"curies":[{"name":"wp","href":"https:\/\/api.w.org\/{rel}","templated":true}]}}