{"id":877,"date":"2023-04-27T22:42:37","date_gmt":"2023-04-28T01:42:37","guid":{"rendered":"https:\/\/isftim-crr.infd.edu.ar\/sitio\/?page_id=877"},"modified":"2023-04-28T10:09:15","modified_gmt":"2023-04-28T13:09:15","slug":"infraestructura-informatica","status":"publish","type":"page","link":"https:\/\/isftim-crr.infd.edu.ar\/sitio\/catalogo\/infraestructura-informatica\/","title":{"rendered":"INFRAESTRUCTURA INFORM\u00c1TICA"},"content":{"rendered":"\n<p><strong>TECNICATURA SUPERIOR<\/strong> <strong>EN INFRAESTRUCTURA INFORM\u00c1TICA<\/strong><\/p>\n\n\n\n<h4 class=\"wp-block-heading\">Plan de estudios<\/h4>\n\n\n\n<p><strong>PRIMER A\u00d1O<\/strong><\/p>\n\n\n\n<p><em><strong>PRIMER CUATRIMESTRE<\/strong><\/em><\/p>\n\n\n\n<ul>\n<li>OFIM\u00c1TICA<\/li>\n\n\n\n<li>RELACI\u00d3N ESTADO-SOCIEDAD<\/li>\n<\/ul>\n\n\n\n<p><em><strong>SEGUNDO CUATRIMESTRE<\/strong><\/em><\/p>\n\n\n\n<ul>\n<li>ARQUITECTURA DE COMPUTADORAS<\/li>\n\n\n\n<li>ESTAD\u00cdSTICA Y PROBABILIDAD<\/li>\n\n\n\n<li>PRACTICA PROFESIONALIZANTE I<\/li>\n\n\n\n<li>PROGRAMACI\u00d3N<\/li>\n<\/ul>\n\n\n\n<p><em><strong>ANUAL<\/strong><\/em><\/p>\n\n\n\n<ul>\n<li>INFORM\u00c1TICA<\/li>\n\n\n\n<li>INGL\u00c9S T\u00c9CNICO I<\/li>\n\n\n\n<li>MATEM\u00c1TICA<\/li>\n<\/ul>\n\n\n\n<p><strong>SEGUNDO A\u00d1O<\/strong><\/p>\n\n\n\n<p><em><strong>PRIMER CUATRIMESTRE<\/strong><\/em><\/p>\n\n\n\n<ul>\n<li>REDES I<\/li>\n\n\n\n<li>SISTEMAS ADMINISTRATIVOS<\/li>\n<\/ul>\n\n\n\n<p><em><strong>SEGUNDO CUATRIMESTRE<\/strong><\/em><\/p>\n\n\n\n<ul>\n<li>CULTURA Y COMUNICACI\u00d3N CONTEMPOR\u00c1NEA<\/li>\n\n\n\n<li>PLANIFICACI\u00d3N INFORM\u00c1TICA<\/li>\n<\/ul>\n\n\n\n<p><em><strong>ANUAL<\/strong><\/em><\/p>\n\n\n\n<ul>\n<li>PR\u00c1CTICA PROFESIONALIZANTE II<\/li>\n\n\n\n<li>SEGURIDAD INFORM\u00c1TICA I<\/li>\n\n\n\n<li>SISTEMAS OPERATIVOS<\/li>\n\n\n\n<li>SOPORTE T\u00c9CNICO I<\/li>\n<\/ul>\n\n\n\n<p><strong>TERCER A\u00d1O<\/strong><\/p>\n\n\n\n<p><em><strong>PRIMER CUATRIMESTRE<\/strong><\/em><\/p>\n\n\n\n<ul>\n<li>IDENTIDAD Y DESIGUALDAD SOCIOCUTURAL<\/li>\n\n\n\n<li>PROCESOS POL\u00cdTICOS, ECON\u00d3MICOS Y EL MUNDO DEL TRABAJO<\/li>\n<\/ul>\n\n\n\n<p><em><strong>SEGUNDO CUATRIMESTRE<\/strong><\/em><\/p>\n\n\n\n<ul>\n<li>BASE DE DATOS<\/li>\n\n\n\n<li>MARCO \u00c9TICO Y NORMATIVO DE LA PROFESI\u00d3N<\/li>\n<\/ul>\n\n\n\n<p><em><strong>ANUAL<\/strong><\/em><\/p>\n\n\n\n<ul>\n<li>PR\u00c1CTICA PROFESIONALIZANTE III<\/li>\n\n\n\n<li>REDES II<\/li>\n\n\n\n<li>SEGURIDAD INFORM\u00c1TICA II<\/li>\n\n\n\n<li>SOPORTE T\u00c9CNICO II<\/li>\n<\/ul>\n","protected":false},"excerpt":{"rendered":"<p>TECNICATURA SUPERIOR EN INFRAESTRUCTURA INFORM\u00c1TICA Plan de estudios PRIMER A\u00d1O PRIMER CUATRIMESTRE SEGUNDO CUATRIMESTRE ANUAL SEGUNDO A\u00d1O PRIMER CUATRIMESTRE SEGUNDO CUATRIMESTRE ANUAL TERCER A\u00d1O PRIMER CUATRIMESTRE SEGUNDO CUATRIMESTRE ANUAL<\/p>\n","protected":false},"author":11,"featured_media":0,"parent":644,"menu_order":2,"comment_status":"closed","ping_status":"closed","template":"","meta":[],"acf":[],"_links":{"self":[{"href":"https:\/\/isftim-crr.infd.edu.ar\/sitio\/wp-json\/wp\/v2\/pages\/877"}],"collection":[{"href":"https:\/\/isftim-crr.infd.edu.ar\/sitio\/wp-json\/wp\/v2\/pages"}],"about":[{"href":"https:\/\/isftim-crr.infd.edu.ar\/sitio\/wp-json\/wp\/v2\/types\/page"}],"author":[{"embeddable":true,"href":"https:\/\/isftim-crr.infd.edu.ar\/sitio\/wp-json\/wp\/v2\/users\/11"}],"replies":[{"embeddable":true,"href":"https:\/\/isftim-crr.infd.edu.ar\/sitio\/wp-json\/wp\/v2\/comments?post=877"}],"version-history":[{"count":2,"href":"https:\/\/isftim-crr.infd.edu.ar\/sitio\/wp-json\/wp\/v2\/pages\/877\/revisions"}],"predecessor-version":[{"id":896,"href":"https:\/\/isftim-crr.infd.edu.ar\/sitio\/wp-json\/wp\/v2\/pages\/877\/revisions\/896"}],"up":[{"embeddable":true,"href":"https:\/\/isftim-crr.infd.edu.ar\/sitio\/wp-json\/wp\/v2\/pages\/644"}],"wp:attachment":[{"href":"https:\/\/isftim-crr.infd.edu.ar\/sitio\/wp-json\/wp\/v2\/media?parent=877"}],"curies":[{"name":"wp","href":"https:\/\/api.w.org\/{rel}","templated":true}]}}