{"id":889,"date":"2023-04-28T09:41:01","date_gmt":"2023-04-28T12:41:01","guid":{"rendered":"https:\/\/isftim-crr.infd.edu.ar\/sitio\/?page_id=889"},"modified":"2023-04-28T09:41:38","modified_gmt":"2023-04-28T12:41:38","slug":"higiene-y-seguridad","status":"publish","type":"page","link":"https:\/\/isftim-crr.infd.edu.ar\/sitio\/catalogo\/higiene-y-seguridad\/","title":{"rendered":"HIGIENE Y SEGURIDAD"},"content":{"rendered":"\n<p><strong>TECNICATURA SUPERIOR EN HIGIENE Y SEGURIDAD EN EL TRABAJO CON ORIENTACI\u00d3N EN LA INDUSTRIA DE LA CONSTRUCCI\u00d3N<\/strong><\/p>\n\n\n\n<h4 class=\"wp-block-heading\">Plan de estudios<\/h4>\n\n\n\n<p><strong>PRIMER A\u00d1O<\/strong><\/p>\n\n\n\n<p><em><strong>PRIMER CUATRIMESTRE<\/strong><\/em><\/p>\n\n\n\n<ul>\n<li>DIBUJO T\u00c9CNICO<\/li>\n\n\n\n<li>INTRODUCCI\u00d3N A LA GESTI\u00d3N<\/li>\n\n\n\n<li>INTRODUCCI\u00d3N A LA LEGISLACI\u00d3N<\/li>\n\n\n\n<li>LENGUAJE Y COMUNICACI\u00d3N<\/li>\n\n\n\n<li>ORGANIZACI\u00d3N DE LA SEGURIDAD<\/li>\n<\/ul>\n\n\n\n<p><em><strong>SEGUNDO CUATRIMESTRE<\/strong><\/em><\/p>\n\n\n\n<ul>\n<li>F\u00cdSICA APLICADA AL TRABAJO<\/li>\n\n\n\n<li>INTRODUCCI\u00d3N A LA CONSTRUCCI\u00d3N<\/li>\n\n\n\n<li>QU\u00cdMICA APLICADA A LOS AMBIENTES DE TRABAJO<\/li>\n\n\n\n<li>TECNOLOG\u00cdA INFORM\u00c1TICA<\/li>\n<\/ul>\n\n\n\n<p><em><strong>ANUAL<\/strong><\/em><\/p>\n\n\n\n<ul>\n<li>HIGIENE Y SEGURIDAD I<\/li>\n<\/ul>\n\n\n\n<p><strong>SEGUNDO A\u00d1O<\/strong><\/p>\n\n\n\n<p><em><strong>PRIMER CUATRIMESTRE<\/strong><\/em><\/p>\n\n\n\n<ul>\n<li>ADMINISTRACI\u00d3N DEL PERSONAL<\/li>\n\n\n\n<li>DIBUJO TECNICO ASISTIDO POR COMPUTADORA<\/li>\n\n\n\n<li>INGL\u00c9S T\u00c9CNICO<\/li>\n\n\n\n<li>ORGANIZACI\u00d3N Y NORMATIVA<\/li>\n\n\n\n<li>SEGURIDAD SOCIAL<\/li>\n<\/ul>\n\n\n\n<p><em><strong>SEGUNDO CUATRIMESTRE<\/strong><\/em><\/p>\n\n\n\n<ul>\n<li>ASPECTOS HIGI\u00c9NICOS Y AMBIENTALES<\/li>\n\n\n\n<li>MEDICINA LABORAL Y PRIMEROS AUXILIOS<\/li>\n\n\n\n<li>PR\u00c1CTICA PROFESIONAL I<\/li>\n\n\n\n<li>PREVENCI\u00d3N EN INSTALACIONES ESPECIALES<\/li>\n\n\n\n<li>SERVICIOS DE INFRAESTRUCTURA<\/li>\n<\/ul>\n\n\n\n<p><em><strong>ANUAL<\/strong><\/em><\/p>\n\n\n\n<ul>\n<li>HIGIENE Y SEGURIDAD II<\/li>\n<\/ul>\n\n\n\n<p><strong>TERCER A\u00d1O<\/strong><\/p>\n\n\n\n<p><em><strong>PRIMER CUATRIMESTRE<\/strong><\/em><\/p>\n\n\n\n<ul>\n<li>ACCIONES SEGURAS EN EL TRABAJO<\/li>\n\n\n\n<li>ASPECTOS PREVENTIVOS<\/li>\n\n\n\n<li>LENGUAJE Y COMUNICACI\u00d3N T\u00c9CNICA<\/li>\n\n\n\n<li>PREVENCI\u00d3N CONTRA INCENDIOS<\/li>\n<\/ul>\n\n\n\n<p><em><strong>SEGUNDO CUATRIMESTRE<\/strong><\/em><\/p>\n\n\n\n<ul>\n<li>DIN\u00c1MICA INTERPERSONAL<\/li>\n\n\n\n<li>\u00c9TICA Y DEONTOLOG\u00cdA PROFESIONAL<\/li>\n\n\n\n<li>LEGISLACI\u00d3N LABORAL<\/li>\n\n\n\n<li>PROYECTO FINAL<\/li>\n<\/ul>\n\n\n\n<p><em><strong>ANUAL<\/strong><\/em><\/p>\n\n\n\n<ul>\n<li>PRACTICA PROFESIONAL II<\/li>\n<\/ul>\n","protected":false},"excerpt":{"rendered":"<p>TECNICATURA SUPERIOR EN HIGIENE Y SEGURIDAD EN EL TRABAJO CON ORIENTACI\u00d3N EN LA INDUSTRIA DE LA CONSTRUCCI\u00d3N Plan de estudios PRIMER A\u00d1O PRIMER CUATRIMESTRE SEGUNDO CUATRIMESTRE ANUAL SEGUNDO A\u00d1O PRIMER CUATRIMESTRE SEGUNDO CUATRIMESTRE ANUAL TERCER A\u00d1O PRIMER CUATRIMESTRE SEGUNDO CUATRIMESTRE ANUAL<\/p>\n","protected":false},"author":11,"featured_media":0,"parent":644,"menu_order":0,"comment_status":"closed","ping_status":"closed","template":"","meta":[],"acf":[],"_links":{"self":[{"href":"https:\/\/isftim-crr.infd.edu.ar\/sitio\/wp-json\/wp\/v2\/pages\/889"}],"collection":[{"href":"https:\/\/isftim-crr.infd.edu.ar\/sitio\/wp-json\/wp\/v2\/pages"}],"about":[{"href":"https:\/\/isftim-crr.infd.edu.ar\/sitio\/wp-json\/wp\/v2\/types\/page"}],"author":[{"embeddable":true,"href":"https:\/\/isftim-crr.infd.edu.ar\/sitio\/wp-json\/wp\/v2\/users\/11"}],"replies":[{"embeddable":true,"href":"https:\/\/isftim-crr.infd.edu.ar\/sitio\/wp-json\/wp\/v2\/comments?post=889"}],"version-history":[{"count":2,"href":"https:\/\/isftim-crr.infd.edu.ar\/sitio\/wp-json\/wp\/v2\/pages\/889\/revisions"}],"predecessor-version":[{"id":891,"href":"https:\/\/isftim-crr.infd.edu.ar\/sitio\/wp-json\/wp\/v2\/pages\/889\/revisions\/891"}],"up":[{"embeddable":true,"href":"https:\/\/isftim-crr.infd.edu.ar\/sitio\/wp-json\/wp\/v2\/pages\/644"}],"wp:attachment":[{"href":"https:\/\/isftim-crr.infd.edu.ar\/sitio\/wp-json\/wp\/v2\/media?parent=889"}],"curies":[{"name":"wp","href":"https:\/\/api.w.org\/{rel}","templated":true}]}}