{"id":897,"date":"2023-04-28T16:48:40","date_gmt":"2023-04-28T19:48:40","guid":{"rendered":"https:\/\/isftim-crr.infd.edu.ar\/sitio\/?page_id=897"},"modified":"2023-04-28T16:50:21","modified_gmt":"2023-04-28T19:50:21","slug":"desarrollo","status":"publish","type":"page","link":"https:\/\/isftim-crr.infd.edu.ar\/sitio\/catalogo\/desarrollo\/","title":{"rendered":"DESARROLLO"},"content":{"rendered":"\n<p><strong>TECNICATURA SUPERIOR EN DESARROLLO DE SOFTWARE<\/strong><\/p>\n\n\n\n<h4 class=\"wp-block-heading\">Plan de estudios<\/h4>\n\n\n\n<p><strong>PRIMER A\u00d1O<\/strong><\/p>\n\n\n\n<p><em><strong>PRIMER CUATRIMESTRE<\/strong><\/em><\/p>\n\n\n\n<ul>\n<li>ESTAD\u00cdSTICA Y PROBABILIDAD<\/li>\n\n\n\n<li>OFIM\u00c1TICA<\/li>\n\n\n\n<li>RELACI\u00d3N ESTADO Y SOCIEDAD<\/li>\n<\/ul>\n\n\n\n<p><em><strong>SEGUNDO CUATRIMESTRE<\/strong><\/em><\/p>\n\n\n\n<ul>\n<li>ARQUITECTURA DE COMPUTADORAS<\/li>\n\n\n\n<li>PR\u00c1CTICA PROFESIONALIZANTE I<\/li>\n\n\n\n<li>PROGRAMACI\u00d3N<\/li>\n<\/ul>\n\n\n\n<p><em><strong>ANUAL<\/strong><\/em><\/p>\n\n\n\n<ul>\n<li>INFORM\u00c1TICA<\/li>\n\n\n\n<li>INGL\u00c9S T\u00c9CNICO<\/li>\n\n\n\n<li>MATEM\u00c1TICA<\/li>\n<\/ul>\n\n\n\n<p><strong>SEGUNDO A\u00d1O<\/strong><\/p>\n\n\n\n<p><em><strong>PRIMER CUATRIMESTRE<\/strong><\/em><\/p>\n\n\n\n<ul>\n<li>SISTEMAS ADMINISTRATIVOS<\/li>\n<\/ul>\n\n\n\n<p><em><strong>SEGUNDO CUATRIMESTRE<\/strong><\/em><\/p>\n\n\n\n<ul>\n<li>ALGORITMOS Y ESTRUCTURA DE DATOS<\/li>\n\n\n\n<li>CULTURA Y COMUNICACI\u00d3N CONTEMPOR\u00c1NEA<\/li>\n\n\n\n<li>PLANIFICACI\u00d3N INFORM\u00c1TICA<\/li>\n<\/ul>\n\n\n\n<p><em><strong>ANUAL<\/strong><\/em><\/p>\n\n\n\n<ul>\n<li>BASE DE DATOS I<\/li>\n\n\n\n<li>LABORATORIO DE PROGRAMACI\u00d3N I<\/li>\n\n\n\n<li>PR\u00c1CTICA PROFESIONALIZANTE II<\/li>\n\n\n\n<li>SISTEMAS OPERATIVOS<\/li>\n<\/ul>\n\n\n\n<p><strong>TERCER A\u00d1O<\/strong><\/p>\n\n\n\n<p><em><strong>PRIMER CUATRIMESTRE<\/strong><\/em><\/p>\n\n\n\n<ul>\n<li>IDENTIDAD Y DESIGUALDAD SOCIOCULTURAL<\/li>\n<\/ul>\n\n\n\n<p><em><strong>SEGUNDO CUATRIMESTRE<\/strong><\/em><\/p>\n\n\n\n<ul>\n<li>PROCESOS POL\u00cdTICOS, ECON\u00d3MICOS Y EL MUNDO DEL TRABAJO<\/li>\n<\/ul>\n\n\n\n<p><em><strong>ANUAL<\/strong><\/em><\/p>\n\n\n\n<ul>\n<li>BASE DE DATOS II<\/li>\n\n\n\n<li>INGENIER\u00cdA DE SOFTWARE<\/li>\n\n\n\n<li>LABORATORIO DE PROGRAMACI\u00d3N II<\/li>\n<\/ul>\n","protected":false},"excerpt":{"rendered":"<p>TECNICATURA SUPERIOR EN DESARROLLO DE SOFTWARE Plan de estudios PRIMER A\u00d1O PRIMER CUATRIMESTRE SEGUNDO CUATRIMESTRE ANUAL SEGUNDO A\u00d1O PRIMER CUATRIMESTRE SEGUNDO CUATRIMESTRE ANUAL TERCER A\u00d1O PRIMER CUATRIMESTRE SEGUNDO CUATRIMESTRE ANUAL<\/p>\n","protected":false},"author":11,"featured_media":0,"parent":644,"menu_order":3,"comment_status":"closed","ping_status":"closed","template":"","meta":[],"acf":[],"_links":{"self":[{"href":"https:\/\/isftim-crr.infd.edu.ar\/sitio\/wp-json\/wp\/v2\/pages\/897"}],"collection":[{"href":"https:\/\/isftim-crr.infd.edu.ar\/sitio\/wp-json\/wp\/v2\/pages"}],"about":[{"href":"https:\/\/isftim-crr.infd.edu.ar\/sitio\/wp-json\/wp\/v2\/types\/page"}],"author":[{"embeddable":true,"href":"https:\/\/isftim-crr.infd.edu.ar\/sitio\/wp-json\/wp\/v2\/users\/11"}],"replies":[{"embeddable":true,"href":"https:\/\/isftim-crr.infd.edu.ar\/sitio\/wp-json\/wp\/v2\/comments?post=897"}],"version-history":[{"count":1,"href":"https:\/\/isftim-crr.infd.edu.ar\/sitio\/wp-json\/wp\/v2\/pages\/897\/revisions"}],"predecessor-version":[{"id":898,"href":"https:\/\/isftim-crr.infd.edu.ar\/sitio\/wp-json\/wp\/v2\/pages\/897\/revisions\/898"}],"up":[{"embeddable":true,"href":"https:\/\/isftim-crr.infd.edu.ar\/sitio\/wp-json\/wp\/v2\/pages\/644"}],"wp:attachment":[{"href":"https:\/\/isftim-crr.infd.edu.ar\/sitio\/wp-json\/wp\/v2\/media?parent=897"}],"curies":[{"name":"wp","href":"https:\/\/api.w.org\/{rel}","templated":true}]}}