{"id":903,"date":"2023-04-28T17:22:11","date_gmt":"2023-04-28T20:22:11","guid":{"rendered":"https:\/\/isftim-crr.infd.edu.ar\/sitio\/?page_id=903"},"modified":"2023-04-28T17:23:51","modified_gmt":"2023-04-28T20:23:51","slug":"turismo","status":"publish","type":"page","link":"https:\/\/isftim-crr.infd.edu.ar\/sitio\/turismo\/","title":{"rendered":"TURISMO"},"content":{"rendered":"\n<p><strong>TECNICATURA SUPERIOR EN TURISMO<\/strong><\/p>\n\n\n\n<h4 class=\"wp-block-heading\">Plan de estudios<\/h4>\n\n\n\n<p><strong>PRIMER A\u00d1O<\/strong><\/p>\n\n\n\n<p><em><strong>PRIMER CUATRIMESTRE<\/strong><\/em><\/p>\n\n\n\n<ul>\n<li>AGENCIA DE VIAJES<\/li>\n\n\n\n<li>INFORM\u00c1TICA APLICADA<\/li>\n<\/ul>\n\n\n\n<p><em><strong>SEGUNDO CUATRIMESTRE<\/strong><\/em><\/p>\n\n\n\n<ul>\n<li>PR\u00c1CTICA PROFESIONAL I<\/li>\n\n\n\n<li>PROBLEMAS ANTROPOL\u00d3GICOS CONTEMPOR\u00c1NEOS<\/li>\n<\/ul>\n\n\n\n<p><em><strong>ANUAL<\/strong><\/em><\/p>\n\n\n\n<ul>\n<li>GEOGRAF\u00cdA TUR\u00cdSTICA ARGENTINA<\/li>\n\n\n\n<li>HISTORIA ARGENTINA Y PATRIMONIO CULTURAL<\/li>\n\n\n\n<li>HISTORIA Y PATRIMONIO CULTURAL DEL NORDESTE<\/li>\n\n\n\n<li>INGL\u00c9S I<\/li>\n\n\n\n<li>INTRODUCCI\u00d3N AL TURISMO<\/li>\n\n\n\n<li>PORTUGU\u00c9S I<\/li>\n<\/ul>\n\n\n\n<p><strong>SEGUNDO A\u00d1O<\/strong><\/p>\n\n\n\n<p><em><strong>PRIMER CUATRIMESTRE<\/strong><\/em><\/p>\n\n\n\n<ul>\n<li>CULTURA Y COMUNICACI\u00d3N CONTEMPOR\u00c1NEA<\/li>\n\n\n\n<li>TRANSPORTES Y TARIFAS<\/li>\n<\/ul>\n\n\n\n<p><em><strong>SEGUNDO CUATRIMESTRE<\/strong><\/em><\/p>\n\n\n\n<ul>\n<li>PROCESOS POL\u00cdTICOS, ECON\u00d3MICO Y EL MUNDO DEL TRABAJO ACTUAL<\/li>\n\n\n\n<li>TALLER DE DISE\u00d1O DE PROYECTOS TUR\u00cdSTICOS<\/li>\n<\/ul>\n\n\n\n<p><em><strong>ANUAL<\/strong><\/em><\/p>\n\n\n\n<ul>\n<li>GEOGRAF\u00cdA TUR\u00cdSTICA DEL NORDESTE<\/li>\n\n\n\n<li>HOTELER\u00cdA Y GASTRONOM\u00cdA<\/li>\n\n\n\n<li>INGL\u00c9S II<\/li>\n\n\n\n<li>POTUGU\u00c9S II<\/li>\n\n\n\n<li>PR\u00c1CTICA PROFESIONAL II<\/li>\n<\/ul>\n\n\n\n<p><strong>TERCER A\u00d1O<\/strong><\/p>\n\n\n\n<p><em><strong>PRIMER CUATRIMESTRE<\/strong><\/em><\/p>\n\n\n\n<ul>\n<li>ANTROPOLOG\u00cdA CULTURAL ARGENTINA Y REGIONAL<\/li>\n\n\n\n<li>ECOTURISMO<\/li>\n<\/ul>\n\n\n\n<p><em><strong>SEGUNDO CUATRIMESTRE<\/strong><\/em><\/p>\n\n\n\n<ul>\n<li>MARKETING TUR\u00cdSTICO<\/li>\n\n\n\n<li>PSICOLOG\u00cdA SOCIAL<\/li>\n<\/ul>\n\n\n\n<p><em><strong>ANUAL<\/strong><\/em><\/p>\n\n\n\n<ul>\n<li>ECONOM\u00cdA TUR\u00cdSTICA<\/li>\n\n\n\n<li>GEOGRAF\u00cdA TUR\u00cdSTICA MUNDIAL<\/li>\n\n\n\n<li>LEGISLACI\u00d3N TUR\u00cdSTICA<\/li>\n\n\n\n<li>ORGANIZACI\u00d3N Y ADMINISTRACI\u00d3N DE EMPRESAS TUR\u00cdSTICAS<\/li>\n\n\n\n<li>PR\u00c1CTICA PROFESIONAL III<\/li>\n<\/ul>\n","protected":false},"excerpt":{"rendered":"<p>TECNICATURA SUPERIOR EN TURISMO Plan de estudios PRIMER A\u00d1O PRIMER CUATRIMESTRE SEGUNDO CUATRIMESTRE ANUAL SEGUNDO A\u00d1O PRIMER CUATRIMESTRE SEGUNDO CUATRIMESTRE ANUAL TERCER A\u00d1O PRIMER CUATRIMESTRE SEGUNDO CUATRIMESTRE ANUAL<\/p>\n","protected":false},"author":11,"featured_media":0,"parent":0,"menu_order":5,"comment_status":"closed","ping_status":"closed","template":"","meta":[],"acf":[],"_links":{"self":[{"href":"https:\/\/isftim-crr.infd.edu.ar\/sitio\/wp-json\/wp\/v2\/pages\/903"}],"collection":[{"href":"https:\/\/isftim-crr.infd.edu.ar\/sitio\/wp-json\/wp\/v2\/pages"}],"about":[{"href":"https:\/\/isftim-crr.infd.edu.ar\/sitio\/wp-json\/wp\/v2\/types\/page"}],"author":[{"embeddable":true,"href":"https:\/\/isftim-crr.infd.edu.ar\/sitio\/wp-json\/wp\/v2\/users\/11"}],"replies":[{"embeddable":true,"href":"https:\/\/isftim-crr.infd.edu.ar\/sitio\/wp-json\/wp\/v2\/comments?post=903"}],"version-history":[{"count":1,"href":"https:\/\/isftim-crr.infd.edu.ar\/sitio\/wp-json\/wp\/v2\/pages\/903\/revisions"}],"predecessor-version":[{"id":904,"href":"https:\/\/isftim-crr.infd.edu.ar\/sitio\/wp-json\/wp\/v2\/pages\/903\/revisions\/904"}],"wp:attachment":[{"href":"https:\/\/isftim-crr.infd.edu.ar\/sitio\/wp-json\/wp\/v2\/media?parent=903"}],"curies":[{"name":"wp","href":"https:\/\/api.w.org\/{rel}","templated":true}]}}